{"id":343,"date":"2024-01-15T14:04:53","date_gmt":"2024-01-15T14:04:53","guid":{"rendered":"https:\/\/startersites.io\/blocksy\/consultant\/?page_id=12"},"modified":"2026-04-05T13:02:59","modified_gmt":"2026-04-05T12:02:59","slug":"over-ons","status":"publish","type":"page","link":"https:\/\/warmthusfriesland.nl\/fy\/over-ons\/","title":{"rendered":"Over ons"},"content":{"rendered":"<section class=\"wp-block-greenshift-blocks-row gspb_row gspb_row-id-gsbp-3cac2aa\" id=\"gspb_row-id-gsbp-3cac2aa\"><div class=\"gspb_row__content\"> \n<div class=\"wp-block-greenshift-blocks-row-column gspb_row__col--12 gspb_col-id-gsbp-91bb88c\" id=\"gspb_col-id-gsbp-91bb88c\">\n<div class=\"wp-block-greenshift-blocks-container gspb_container gspb_container-gsbp-7ccdc09\" id=\"gspb_container-id-gsbp-7ccdc09\">\n<div id=\"gspb_text-id-gsbp-9defc83\" class=\"gspb_text gspb_text-id-gsbp-9defc83\">Over ons<\/div>\n\n\n\n<h1 id=\"gspb_heading-id-gsbp-d65ca84\" class=\"gspb_heading gspb_heading-id-gsbp-d65ca84\">Over Warm Th\u00fas Friesland<\/h1>\n\n\n\n<div id=\"gspb_text-id-gsbp-d3d806f\" class=\"gspb_text gspb_text-id-gsbp-d3d806f\">Warm Th\u00fas Friesland helpt huiseigenaren in Friesland om hun woning comfortabeler en energiezuiniger te maken. Veel woningen hebben last van tocht, kieren en warmteverlies zonder dat bewoners precies weten waar het probleem zit. Met praktische oplossingen en een duidelijke aanpak zorgen wij ervoor dat jouw huis weer warm en comfortabel aanvoelt. Lokaal, eerlijk advies en zonder onnodige verbouwingen.<\/div>\n\n\n\n<div class=\"gspb_button_wrapper gspb_button-id-gsbp-d1cb598\" id=\"gspb_button-id-gsbp-d1cb598\"><a class=\"wp-block-greenshift-blocks-buttonbox gspb-buttonbox wp-element-button\" href=\"\/fy\/contact\/\" rel=\"noopener\"><span class=\"gspb-buttonbox-textwrap\"><span class=\"gspb-buttonbox-text\"><span class=\"gspb-buttonbox-title\">Vraag advies aan<\/span><\/span><\/span><\/a><\/div>\n<\/div>\n<\/div>\n <\/div><\/section>\n\n\n\n<section class=\"wp-block-greenshift-blocks-row gspb_row gspb_row-id-gsbp-34872cc gspb_row--gutter-10\" id=\"gspb_row-id-gsbp-34872cc\"><div class=\"gspb_row__content\"> \n<div class=\"wp-block-greenshift-blocks-row-column gspb_row__col--6 gspb_row__col--md-12 gspb_col-id-gsbp-6a334fa\" id=\"gspb_col-id-gsbp-6a334fa\">\n<div class=\"wp-block-greenshift-blocks-image gspb_image gspb_image-id-gsbp-1da7b2a\" id=\"gspb_image-id-gsbp-1da7b2a\"><img decoding=\"async\" src=\"https:\/\/warmthusfriesland.nl\/wp-content\/uploads\/2024\/01\/article-thumb-10.webp\" data-src=\"\" alt=\"\" loading=\"lazy\" width=\"1260\" height=\"900\"\/><\/div>\n<\/div>\n\n\n\n<div class=\"wp-block-greenshift-blocks-row-column gspb_row__col--6 gspb_row__col--md-12 gspb_col-id-gsbp-2dc910e\" id=\"gspb_col-id-gsbp-2dc910e\">\n<h2 id=\"gspb_heading-id-gsbp-486b083\" class=\"gspb_heading gspb_heading-id-gsbp-486b083\">Wie wij zijn<\/h2>\n\n\n\n<div id=\"gspb_text-id-gsbp-98283f7\" class=\"gspb_text gspb_text-id-gsbp-98283f7\">Warm Th\u00fas Friesland is opgericht met \u00e9\u00e9n doel: woningen in Friesland comfortabeler maken zonder ingrijpende verbouwingen. Veel huizen hebben last van tocht, kieren en warmteverlies, terwijl bewoners vaak niet precies weten waar dit vandaan komt. <br><br>Door hier gericht naar te kijken kunnen we snel zien waar de grootste verbeteringen mogelijk zijn.<br>Wij werken met praktische oplossingen die direct verschil maken in het dagelijks wooncomfort. Door tocht te verminderen en warmte beter binnen te houden voelt een huis sneller warm en aangenaam aan. Met onze lokale aanpak, duidelijke communicatie en eerlijke adviezen helpen wij huiseigenaren stap voor stap naar een comfortabeler en energiezuiniger huis.<\/div>\n\n\n\n<div class=\"gspb_button_wrapper gspb_button-id-gsbp-b0cc74d\" id=\"gspb_button-id-gsbp-b0cc74d\"><a class=\"wp-block-greenshift-blocks-buttonbox gspb-buttonbox wp-element-button\" href=\"\/fy\/pakketten\/\" rel=\"noopener\"><span class=\"gspb-buttonbox-textwrap\"><span class=\"gspb-buttonbox-text\"><span class=\"gspb-buttonbox-title\">Bekijk onze pakketten<\/span><\/span><\/span><\/a><\/div>\n<\/div>\n <\/div><\/section>\n\n\n\n<section class=\"wp-block-greenshift-blocks-row gspb_row gspb_row-id-gsbp-30a1868 gspb_row--gutter-10\" id=\"gspb_row-id-gsbp-30a1868\"><div class=\"gspb_row__content\"> \n<div class=\"wp-block-greenshift-blocks-row-column gspb_row__col--6 gspb_row__col--md-12 gspb_col-id-gsbp-9824d5a\" id=\"gspb_col-id-gsbp-9824d5a\">\n<div id=\"gspb_text-id-gsbp-15e4a1f\" class=\"gspb_text gspb_text-id-gsbp-15e4a1f\">Warm Th\u00fas Friesland<\/div>\n\n\n\n<h2 id=\"gspb_heading-id-gsbp-0f21552\" class=\"gspb_heading gspb_heading-id-gsbp-0f21552\">Onze aanpak<\/h2>\n\n\n\n<div id=\"gspb_text-id-gsbp-f926b1e\" class=\"gspb_text gspb_text-id-gsbp-f926b1e\">Bij Warm Th\u00fas Friesland geloven we dat een comfortabel huis begint met het goed begrijpen van waar warmte verloren gaat. Daarom kijken we eerst naar de specifieke situatie van jouw woning. Veel tochtproblemen ontstaan door kleine kieren en openingen die vaak eenvoudig op te lossen zijn.<\/div>\n\n\n\n<div class=\"wp-block-greenshift-blocks-container gspb_container gspb_container-gsbp-35196aa\" id=\"gspb_container-id-gsbp-35196aa\">\n<div class=\"wp-block-greenshift-blocks-iconbox gspb_iconBox gspb_iconBox-id-gsbp-fba68d2\" id=\"gspb_iconBox-id-gsbp-fba68d2\"><div class=\"gspb_iconBox__wrapper\" style=\"display:inline-flex\"><svg class=\"\" style=\"display:inline-block;vertical-align:middle\" width=\"72\" height=\"72\" viewbox=\"0 0 1024 1024\" xmlns=\"http:\/\/www.w3.org\/2000\/svg\"><path style=\"fill:#565D66\" d=\"M871.696 166.932l-526.088 526.088-193.304-193.304c-9.372-9.372-24.568-9.372-33.942 0l-56.568 56.568c-9.372 9.372-9.372 24.568 0 33.942l266.842 266.842c9.372 9.372 24.568 9.372 33.942 0l599.626-599.626c9.372-9.372 9.372-24.568 0-33.942l-56.568-56.568c-9.372-9.372-24.568-9.372-33.94 0z\"><\/path><\/svg><\/div><\/div>\n\n\n\n<div class=\"wp-block-greenshift-blocks-container gspb_container gspb_container-gsbp-9a74d0b\" id=\"gspb_container-id-gsbp-9a74d0b\">\n<h3 id=\"gspb_heading-id-gsbp-38a7250\" class=\"gspb_heading gspb_heading-id-gsbp-38a7250\">Inspectie van de woning<\/h3>\n\n\n\n<div id=\"gspb_text-id-gsbp-0b06327\" class=\"gspb_text gspb_text-id-gsbp-0b06327\">We bekijken waar tocht en warmteverlies ontstaan. Denk aan kieren bij ramen, deuren of andere aansluitingen in de woning.<\/div>\n<\/div>\n<\/div>\n\n\n\n<div class=\"wp-block-greenshift-blocks-container gspb_container gspb_container-gsbp-1de5d03\" id=\"gspb_container-id-gsbp-1de5d03\">\n<div class=\"wp-block-greenshift-blocks-iconbox gspb_iconBox gspb_iconBox-id-gsbp-4c0a2b8\" id=\"gspb_iconBox-id-gsbp-4c0a2b8\"><div class=\"gspb_iconBox__wrapper\" style=\"display:inline-flex\"><svg class=\"\" style=\"display:inline-block;vertical-align:middle\" width=\"72\" height=\"72\" viewbox=\"0 0 1024 1024\" xmlns=\"http:\/\/www.w3.org\/2000\/svg\"><path style=\"fill:#565D66\" d=\"M871.696 166.932l-526.088 526.088-193.304-193.304c-9.372-9.372-24.568-9.372-33.942 0l-56.568 56.568c-9.372 9.372-9.372 24.568 0 33.942l266.842 266.842c9.372 9.372 24.568 9.372 33.942 0l599.626-599.626c9.372-9.372 9.372-24.568 0-33.942l-56.568-56.568c-9.372-9.372-24.568-9.372-33.94 0z\"><\/path><\/svg><\/div><\/div>\n\n\n\n<div class=\"wp-block-greenshift-blocks-container gspb_container gspb_container-gsbp-b5b93d5\" id=\"gspb_container-id-gsbp-b5b93d5\">\n<h3 id=\"gspb_heading-id-gsbp-c7d97bf\" class=\"gspb_heading gspb_heading-id-gsbp-c7d97bf\">Praktisch en eerlijk advies<\/h3>\n\n\n\n<div id=\"gspb_text-id-gsbp-584efb7\" class=\"gspb_text gspb_text-id-gsbp-584efb7\">Op basis van de inspectie geven we een duidelijk advies over welke oplossingen het meeste effect hebben voor jouw woning.<\/div>\n<\/div>\n<\/div>\n\n\n\n<div class=\"wp-block-greenshift-blocks-container gspb_container gspb_container-gsbp-1bd3beb\" id=\"gspb_container-id-gsbp-1bd3beb\">\n<div class=\"wp-block-greenshift-blocks-iconbox gspb_iconBox gspb_iconBox-id-gsbp-fddde59\" id=\"gspb_iconBox-id-gsbp-fddde59\"><div class=\"gspb_iconBox__wrapper\" style=\"display:inline-flex\"><svg class=\"\" style=\"display:inline-block;vertical-align:middle\" width=\"72\" height=\"72\" viewbox=\"0 0 1024 1024\" xmlns=\"http:\/\/www.w3.org\/2000\/svg\"><path style=\"fill:#565D66\" d=\"M871.696 166.932l-526.088 526.088-193.304-193.304c-9.372-9.372-24.568-9.372-33.942 0l-56.568 56.568c-9.372 9.372-9.372 24.568 0 33.942l266.842 266.842c9.372 9.372 24.568 9.372 33.942 0l599.626-599.626c9.372-9.372 9.372-24.568 0-33.942l-56.568-56.568c-9.372-9.372-24.568-9.372-33.94 0z\"><\/path><\/svg><\/div><\/div>\n\n\n\n<div class=\"wp-block-greenshift-blocks-container gspb_container gspb_container-gsbp-34f242e\" id=\"gspb_container-id-gsbp-34f242e\">\n<h3 id=\"gspb_heading-id-gsbp-d88485b\" class=\"gspb_heading gspb_heading-id-gsbp-d88485b\">Verbetering van comfort<\/h3>\n\n\n\n<div id=\"gspb_text-id-gsbp-19f7554\" class=\"gspb_text gspb_text-id-gsbp-19f7554\">Met gerichte maatregelen zorgen we ervoor dat tocht wordt verminderd en warmte beter in huis blijft, waardoor je woning direct comfortabeler aanvoelt.<\/div>\n<\/div>\n<\/div>\n<\/div>\n\n\n\n<div class=\"wp-block-greenshift-blocks-row-column gspb_row__col--6 gspb_row__col--md-12 gspb_col-id-gsbp-bf2105a\" id=\"gspb_col-id-gsbp-bf2105a\">\n<div class=\"wp-block-greenshift-blocks-image gspb_image gspb_image-id-gsbp-5380cf3\" id=\"gspb_image-id-gsbp-5380cf3\"><img decoding=\"async\" src=\"https:\/\/warmthusfriesland.nl\/wp-content\/uploads\/2026\/04\/Warm-Thus-in-actie-e1775390573749.png\" data-src=\"\" alt=\"\" loading=\"lazy\" width=\"1024\" height=\"1536\"\/><\/div>\n<\/div>\n <\/div><\/section>","protected":false},"excerpt":{"rendered":"","protected":false},"author":1,"featured_media":0,"parent":0,"menu_order":0,"comment_status":"closed","ping_status":"closed","template":"","meta":{"_seopress_robots_primary_cat":"","_seopress_titles_title":"Over Warm Th\u00fas Friesland | Comfortabel wonen","_seopress_titles_desc":"Eerlijk advies en praktische oplossingen tegen tocht en warmteverlies in Friesland. Voor meer comfort in huis.","_seopress_robots_index":"","_gspb_post_css":"#gspb_row-id-gsbp-3cac2aa{justify-content:space-between;margin-top:0;display:flex;flex-wrap:wrap;margin-bottom:40px;padding-bottom:40px}#gspb_row-id-gsbp-3cac2aa>.gspb_row__content{display:flex;justify-content:space-between;margin:0 auto;width:100%;flex-wrap:wrap}div[id^=gspb_col-id]{box-sizing:border-box;position:relative;padding:var(--gs-row-column-padding, 15px min(3vw, 20px))}body.gspb-bodyfront #gspb_row-id-gsbp-3cac2aa>.gspb_row__content{width:var(--theme-container-width, 1200px);max-width:var(--theme-normal-container-max-width, 1200px)}@media (max-width:575.98px){#gspb_row-id-gsbp-3cac2aa{padding-right:0;padding-left:0}}#gspb_row-id-gsbp-3cac2aa{border-bottom-style:solid;border-bottom-width:1px;border-bottom-color:var(--wp--preset--color--palette-color-5, var(--theme-palette-color-5, #E9EBEC))}#gspb_col-id-gsbp-91bb88c.gspb_row__col--12{width:100%}@media (max-width:575.98px){#gspb_col-id-gsbp-91bb88c.gspb_row__col--12{width:100%}}.gspb_row #gspb_col-id-gsbp-91bb88c.gspb_row__col--12{margin-right:auto;margin-bottom:auto;padding-right:auto;padding-left:auto}#gspb_col-id-gsbp-91bb88c.gspb_row__col--12,#gspb_col-id-gsbp-91bb88c.gspb_row__col--12 .gsap-g-line{text-align:center!important}.gspb_container-id-gsbp-7ccdc09{flex-direction:column;box-sizing:border-box}#gspb_container-id-gsbp-1bd3beb.gspb_container>p:last-of-type,#gspb_container-id-gsbp-1de5d03.gspb_container>p:last-of-type,#gspb_container-id-gsbp-34f242e.gspb_container>p:last-of-type,#gspb_container-id-gsbp-35196aa.gspb_container>p:last-of-type,#gspb_container-id-gsbp-7ccdc09.gspb_container>p:last-of-type,#gspb_container-id-gsbp-9a74d0b.gspb_container>p:last-of-type,#gspb_container-id-gsbp-b5b93d5.gspb_container>p:last-of-type{margin-bottom:0}#gspb_container-id-gsbp-7ccdc09.gspb_container{position:relative;display:flex;flex-direction:column;align-items:center;box-sizing:border-box}.gspb_text-id-gsbp-9defc83{text-transform:uppercase;font-weight:700!important}.gspb_text-id-gsbp-9defc83,.gspb_text-id-gsbp-9defc83 .gsap-g-line{text-align:center!important}@media (max-width:991.98px){.gspb_text-id-gsbp-9defc83{font-weight:700!important}}@media (max-width:767.98px){.gspb_text-id-gsbp-9defc83{font-weight:700!important}}@media (max-width:575.98px){.gspb_text-id-gsbp-9defc83{font-weight:700!important}}.gspb_text-id-gsbp-9defc83{color:var(--wp--preset--color--palette-color-1, var(--theme-palette-color-1, #FE7F0C));margin-bottom:0!important;max-width:1000px}#gspb_heading-id-gsbp-d65ca84{font-size:50px}@media (max-width:991.98px){#gspb_heading-id-gsbp-d65ca84{font-size:35px}}@media (max-width:575.98px){#gspb_heading-id-gsbp-d65ca84{font-size:30px}}@media (max-width:991.98px){#gspb_heading-id-gsbp-d65ca84,#gspb_heading-id-gsbp-d65ca84 .gsap-g-line{text-align:center!important}}#gspb_heading-id-gsbp-d65ca84{font-weight:800!important}@media (max-width:991.98px){#gspb_heading-id-gsbp-d65ca84{font-weight:800!important}}@media (max-width:767.98px){#gspb_heading-id-gsbp-d65ca84{font-weight:800!important}}@media (max-width:575.98px){#gspb_heading-id-gsbp-d65ca84{font-weight:800!important}}#gspb_heading-id-gsbp-d65ca84{margin-top:0;margin-bottom:20px}@media (max-width:575.98px){#gspb_heading-id-gsbp-d65ca84{margin-bottom:10px}}.gspb_text-id-gsbp-d3d806f,.gspb_text-id-gsbp-d3d806f .gsap-g-line{text-align:center!important}.gspb_text-id-gsbp-d3d806f{max-width:800px}#gspb_button-id-gsbp-d1cb598{display:flex;justify-content:flex-start}#gspb_button-id-gsbp-d1cb598 .gspb-buttonbox-text{display:flex;flex-direction:column}#gspb_button-id-gsbp-d1cb598>.gspb-buttonbox{box-sizing:border-box;font-weight:700!important}@media (max-width:991.98px){#gspb_button-id-gsbp-d1cb598>.gspb-buttonbox{font-weight:700!important}}@media (max-width:767.98px){#gspb_button-id-gsbp-d1cb598>.gspb-buttonbox{font-weight:700!important}}@media (max-width:575.98px){#gspb_button-id-gsbp-d1cb598>.gspb-buttonbox{font-weight:700!important}}#gspb_button-id-gsbp-d1cb598>.gspb-buttonbox,#gspb_button-id-gsbp-d1cb598>.gspb-buttonbox>.gspb_backgroundOverlay{border-top-left-radius:0;border-top-right-radius:0;border-bottom-right-radius:0;border-bottom-left-radius:0}#gspb_row-id-gsbp-34872cc{justify-content:space-between;margin-top:0;display:flex;flex-wrap:wrap;align-content:center;margin-bottom:40px;padding-bottom:40px}#gspb_row-id-gsbp-34872cc>.gspb_row__content{display:flex;justify-content:space-between;margin:0 auto;width:100%;flex-wrap:wrap;align-items:center}@media (max-width:991.98px){#gspb_row-id-gsbp-34872cc{margin-bottom:40px;padding-bottom:40px}}#gspb_row-id-gsbp-34872cc{border-bottom-style:solid;border-bottom-width:1px;border-bottom-color:var(--wp--preset--color--palette-color-5, var(--theme-palette-color-5, #E9EBEC))}#gspb_col-id-gsbp-6a334fa.gspb_row__col--6{width:calc(50% - 5px)}@media (max-width:991.98px){#gspb_col-id-gsbp-6a334fa.gspb_row__col--6{width:100%}}@media (max-width:767.98px){#gspb_col-id-gsbp-6a334fa.gspb_row__col--6{width:calc(100% - 5px)}}@media (max-width:575.98px){#gspb_col-id-gsbp-6a334fa.gspb_row__col--6{width:100%}}body #gspb_col-id-gsbp-2dc910e.gspb_row__col--6,body #gspb_col-id-gsbp-6a334fa.gspb_row__col--6,body #gspb_col-id-gsbp-9824d5a.gspb_row__col--6,body #gspb_col-id-gsbp-bf2105a.gspb_row__col--6{display:flex;flex-direction:column;justify-content:center}#gspb_col-id-gsbp-2dc910e.gspb_row__col--6{width:calc(50% - 5px)}@media (max-width:991.98px){#gspb_col-id-gsbp-2dc910e.gspb_row__col--6{width:100%}}@media (max-width:767.98px){#gspb_col-id-gsbp-2dc910e.gspb_row__col--6{width:calc(100% - 5px)}}@media (max-width:575.98px){#gspb_col-id-gsbp-2dc910e.gspb_row__col--6{width:100%}}@media (max-width:991.98px){#gspb_heading-id-gsbp-486b083{font-size:30px}}@media (max-width:575.98px){#gspb_heading-id-gsbp-486b083{font-size:25px}}#gspb_heading-id-gsbp-486b083{font-weight:800!important}@media (max-width:991.98px){#gspb_heading-id-gsbp-486b083{font-weight:800!important}}@media (max-width:767.98px){#gspb_heading-id-gsbp-486b083{font-weight:800!important}}@media (max-width:575.98px){#gspb_heading-id-gsbp-486b083{font-weight:800!important}}#gspb_heading-id-gsbp-486b083{margin-top:0;margin-bottom:10px}.gspb_text-id-gsbp-98283f7,.gspb_text-id-gsbp-d3d806f{margin-bottom:15px!important}#gspb_button-id-gsbp-b0cc74d{display:flex;justify-content:flex-start}#gspb_button-id-gsbp-b0cc74d .gspb-buttonbox-text{display:flex;flex-direction:column}#gspb_button-id-gsbp-b0cc74d>.gspb-buttonbox{box-sizing:border-box;font-weight:700!important}@media (max-width:991.98px){#gspb_button-id-gsbp-b0cc74d>.gspb-buttonbox{font-weight:700!important}}@media (max-width:767.98px){#gspb_button-id-gsbp-b0cc74d>.gspb-buttonbox{font-weight:700!important}}@media (max-width:575.98px){#gspb_button-id-gsbp-b0cc74d>.gspb-buttonbox{font-weight:700!important}}#gspb_button-id-gsbp-b0cc74d>.gspb-buttonbox,#gspb_button-id-gsbp-b0cc74d>.gspb-buttonbox>.gspb_backgroundOverlay{border-top-left-radius:0;border-top-right-radius:0;border-bottom-right-radius:0;border-bottom-left-radius:0}#gspb_row-id-gsbp-30a1868{justify-content:space-between;margin-top:0;display:flex;flex-wrap:wrap;align-content:flex-start;margin-bottom:40px}#gspb_row-id-gsbp-30a1868>.gspb_row__content{display:flex;justify-content:space-between;margin:0 auto;width:100%;flex-wrap:wrap;align-items:flex-start}.gspb_row{position:relative}body.gspb-bodyfront #gspb_row-id-gsbp-30a1868>.gspb_row__content,body.gspb-bodyfront #gspb_row-id-gsbp-34872cc>.gspb_row__content{width:var(--theme-container-width, 1200px);max-width:var(--theme-normal-container-max-width, 1200px)}@media (max-width:991.98px){#gspb_row-id-gsbp-30a1868{margin-bottom:40px}}#gspb_col-id-gsbp-9824d5a.gspb_row__col--6{width:calc(50% - 5px)}@media (max-width:991.98px){#gspb_col-id-gsbp-9824d5a.gspb_row__col--6{width:100%}}@media (max-width:767.98px){#gspb_col-id-gsbp-9824d5a.gspb_row__col--6{width:calc(100% - 5px)}}@media (max-width:575.98px){#gspb_col-id-gsbp-9824d5a.gspb_row__col--6{width:100%}}.gspb_text-id-gsbp-15e4a1f{text-transform:uppercase;font-size:14px;font-weight:700!important}@media (max-width:991.98px){.gspb_text-id-gsbp-15e4a1f{font-weight:700!important}}@media (max-width:767.98px){.gspb_text-id-gsbp-15e4a1f{font-weight:700!important}}@media (max-width:575.98px){.gspb_text-id-gsbp-15e4a1f{font-weight:700!important}}.gspb_text-id-gsbp-15e4a1f{color:var(--wp--preset--color--palette-color-1, var(--theme-palette-color-1, #076951));margin-top:0!important;margin-bottom:10px!important}@media (max-width:991.98px){#gspb_heading-id-gsbp-0f21552{font-size:30px}}@media (max-width:575.98px){#gspb_heading-id-gsbp-0f21552{font-size:25px}}#gspb_heading-id-gsbp-0f21552{font-weight:800!important}@media (max-width:991.98px){#gspb_heading-id-gsbp-0f21552{font-weight:800!important}}@media (max-width:767.98px){#gspb_heading-id-gsbp-0f21552{font-weight:800!important}}@media (max-width:575.98px){#gspb_heading-id-gsbp-0f21552{font-weight:800!important}}#gspb_heading-id-gsbp-0f21552{margin-top:0;margin-bottom:10px}.gspb_text-id-gsbp-f926b1e{margin-top:0!important;margin-bottom:60px!important}@media (max-width:991.98px){.gspb_text-id-gsbp-f926b1e{margin-bottom:50px!important}}@media (max-width:575.98px){.gspb_text-id-gsbp-f926b1e{margin-bottom:40px!important}}.gspb_container-id-gsbp-35196aa,.gspb_container-id-gsbp-9a74d0b{flex-direction:column;box-sizing:border-box}#gspb_container-id-gsbp-35196aa.gspb_container{position:relative;display:flex;align-items:flex-start;column-gap:25px}@media (max-width:575.98px){#gspb_container-id-gsbp-35196aa.gspb_container{flex-direction:column}}#gspb_container-id-gsbp-35196aa.gspb_container{margin-bottom:50px;box-sizing:border-box}#gspb_iconBox-id-gsbp-fba68d2 svg{height:35px!important;width:35px!important;min-width:35px!important}#gspb_iconBox-id-gsbp-fba68d2{justify-content:center;display:flex}@media (max-width:575.98px){#gspb_iconBox-id-gsbp-fba68d2{justify-content:flex-start}}@media (max-width:991.98px){#gspb_iconBox-id-gsbp-fba68d2 svg{height:35px!important;width:35px!important;min-width:35px!important}}#gspb_iconBox-id-gsbp-fba68d2 svg,#gspb_iconBox-id-gsbp-fba68d2 svg path,#gspb_iconBox-id-gsbp-fba68d2 svg:hover,#gspb_iconBox-id-gsbp-fba68d2 svg:hover path{fill:var(--theme-link-initial-color, #2184f9)!important}#gspb_iconBox-id-gsbp-fba68d2 svg{margin:0!important;transform:rotateZ(0deg)}#gspb_iconBox-id-gsbp-fba68d2 .gspb_iconBox__wrapper{margin-top:5px}@media (max-width:575.98px){#gspb_iconBox-id-gsbp-fba68d2 .gspb_iconBox__wrapper{margin-bottom:5px}}#gspb_container-id-gsbp-9a74d0b.gspb_container{position:relative;box-sizing:border-box}#gspb_heading-id-gsbp-38a7250{font-size:23px;margin-top:0;margin-bottom:10px}.gspb_text-id-gsbp-0b06327{margin-top:0!important;margin-bottom:0!important}.gspb_container-id-gsbp-1de5d03,.gspb_container-id-gsbp-b5b93d5{flex-direction:column;box-sizing:border-box}#gspb_container-id-gsbp-1de5d03.gspb_container{position:relative;display:flex;align-items:flex-start;column-gap:25px}@media (max-width:575.98px){#gspb_container-id-gsbp-1de5d03.gspb_container{flex-direction:column}}#gspb_container-id-gsbp-1de5d03.gspb_container{margin-bottom:50px;box-sizing:border-box}#gspb_iconBox-id-gsbp-4c0a2b8 svg{height:35px!important;width:35px!important;min-width:35px!important}#gspb_iconBox-id-gsbp-4c0a2b8{justify-content:center;display:flex}@media (max-width:575.98px){#gspb_iconBox-id-gsbp-4c0a2b8{justify-content:flex-start}}@media (max-width:991.98px){#gspb_iconBox-id-gsbp-4c0a2b8 svg{height:35px!important;width:35px!important;min-width:35px!important}}#gspb_iconBox-id-gsbp-4c0a2b8 svg,#gspb_iconBox-id-gsbp-4c0a2b8 svg path,#gspb_iconBox-id-gsbp-4c0a2b8 svg:hover,#gspb_iconBox-id-gsbp-4c0a2b8 svg:hover path{fill:var(--theme-link-initial-color, #2184f9)!important}#gspb_iconBox-id-gsbp-4c0a2b8 svg{margin:0!important;transform:rotateZ(0deg)}#gspb_iconBox-id-gsbp-4c0a2b8 .gspb_iconBox__wrapper{margin-top:5px}@media (max-width:575.98px){#gspb_iconBox-id-gsbp-4c0a2b8 .gspb_iconBox__wrapper{margin-bottom:5px}}#gspb_container-id-gsbp-b5b93d5.gspb_container{position:relative;box-sizing:border-box}#gspb_heading-id-gsbp-c7d97bf{font-size:23px;margin-top:0;margin-bottom:10px}.gspb_text-id-gsbp-584efb7{margin-top:0!important;margin-bottom:0!important}.gspb_container-id-gsbp-1bd3beb,.gspb_container-id-gsbp-34f242e{flex-direction:column;box-sizing:border-box}#gspb_container-id-gsbp-1bd3beb.gspb_container{position:relative;display:flex;align-items:flex-start;column-gap:25px}@media (max-width:575.98px){#gspb_container-id-gsbp-1bd3beb.gspb_container{flex-direction:column}}#gspb_container-id-gsbp-1bd3beb.gspb_container{margin-bottom:0;box-sizing:border-box}#gspb_iconBox-id-gsbp-fddde59 svg{height:35px!important;width:35px!important;min-width:35px!important}#gspb_iconBox-id-gsbp-fddde59{justify-content:center;display:flex}@media (max-width:575.98px){#gspb_iconBox-id-gsbp-fddde59{justify-content:flex-start}}@media (max-width:991.98px){#gspb_iconBox-id-gsbp-fddde59 svg{height:35px!important;width:35px!important;min-width:35px!important}}#gspb_iconBox-id-gsbp-fddde59 svg,#gspb_iconBox-id-gsbp-fddde59 svg path,#gspb_iconBox-id-gsbp-fddde59 svg:hover,#gspb_iconBox-id-gsbp-fddde59 svg:hover path{fill:var(--theme-link-initial-color, #2184f9)!important}#gspb_iconBox-id-gsbp-fddde59 svg{margin:0!important}#gspb_iconBox-id-gsbp-fddde59 .gspb_iconBox__wrapper{margin-top:5px}@media (max-width:575.98px){#gspb_iconBox-id-gsbp-fddde59 .gspb_iconBox__wrapper{margin-bottom:5px}}#gspb_container-id-gsbp-34f242e.gspb_container{position:relative;box-sizing:border-box}#gspb_heading-id-gsbp-d88485b{font-size:23px;margin-top:0;margin-bottom:10px}.gspb_text-id-gsbp-19f7554{margin-top:0!important;margin-bottom:0!important}#gspb_col-id-gsbp-bf2105a.gspb_row__col--6{width:calc(50% - 5px)}@media (max-width:991.98px){#gspb_col-id-gsbp-bf2105a.gspb_row__col--6{width:100%}}@media (max-width:767.98px){#gspb_col-id-gsbp-bf2105a.gspb_row__col--6{width:calc(100% - 5px)}}@media (max-width:575.98px){#gspb_col-id-gsbp-bf2105a.gspb_row__col--6{width:100%}}#gspb_image-id-gsbp-1da7b2a img,#gspb_image-id-gsbp-5380cf3 img{vertical-align:top;display:inline-block;box-sizing:border-box;max-width:100%;height:auto}","footnotes":""},"class_list":["post-343","page","type-page","status-publish","hentry"],"blocksy_meta":{"has_hero_section":"disabled","styles_descriptor":{"styles":{"desktop":"","tablet":"","mobile":""},"google_fonts":[],"version":6}},"_links":{"self":[{"href":"https:\/\/warmthusfriesland.nl\/fy\/wp-json\/wp\/v2\/pages\/343","targetHints":{"allow":["GET"]}}],"collection":[{"href":"https:\/\/warmthusfriesland.nl\/fy\/wp-json\/wp\/v2\/pages"}],"about":[{"href":"https:\/\/warmthusfriesland.nl\/fy\/wp-json\/wp\/v2\/types\/page"}],"author":[{"embeddable":true,"href":"https:\/\/warmthusfriesland.nl\/fy\/wp-json\/wp\/v2\/users\/1"}],"replies":[{"embeddable":true,"href":"https:\/\/warmthusfriesland.nl\/fy\/wp-json\/wp\/v2\/comments?post=343"}],"version-history":[{"count":47,"href":"https:\/\/warmthusfriesland.nl\/fy\/wp-json\/wp\/v2\/pages\/343\/revisions"}],"predecessor-version":[{"id":1028,"href":"https:\/\/warmthusfriesland.nl\/fy\/wp-json\/wp\/v2\/pages\/343\/revisions\/1028"}],"wp:attachment":[{"href":"https:\/\/warmthusfriesland.nl\/fy\/wp-json\/wp\/v2\/media?parent=343"}],"curies":[{"name":"wp","href":"https:\/\/api.w.org\/{rel}","templated":true}]}}